{"id":15876,"date":"2025-12-06T10:17:37","date_gmt":"2025-12-06T13:17:37","guid":{"rendered":"https:\/\/universotecnico.com\/cursos-ead\/?page_id=15876"},"modified":"2025-12-08T08:37:54","modified_gmt":"2025-12-08T11:37:54","slug":"preco-especial-evento-piaui-ate-7-dezembro","status":"publish","type":"page","link":"https:\/\/universotecnico.com\/cursos-ead\/preco-especial-evento-piaui-ate-7-dezembro\/","title":{"rendered":"Pre\u00e7o especial Evento Piau\u00ed at\u00e9 7 Dezembro"},"content":{"rendered":"\n<p><a href=\"http:\/\/universotecnico.com\/cursos-ead\/black-friday-santos-eagle-team\">Promo\u00e7\u00e3o finalizada, aproveite as promo\u00e7\u00f5es da Black Friday.<\/a><\/p>\n\n\n\n<p><\/p>\n","protected":false},"excerpt":{"rendered":"<p>Promo\u00e7\u00e3o finalizada, aproveite as promo\u00e7\u00f5es da Black Friday.<\/p>\n","protected":false},"author":1,"featured_media":0,"parent":0,"menu_order":0,"comment_status":"closed","ping_status":"closed","template":"template-fullwidth.php","meta":{"footnotes":""},"class_list":["post-15876","page","type-page","status-publish","hentry"],"jetpack_sharing_enabled":true,"_links":{"self":[{"href":"https:\/\/universotecnico.com\/cursos-ead\/wp-json\/wp\/v2\/pages\/15876","targetHints":{"allow":["GET"]}}],"collection":[{"href":"https:\/\/universotecnico.com\/cursos-ead\/wp-json\/wp\/v2\/pages"}],"about":[{"href":"https:\/\/universotecnico.com\/cursos-ead\/wp-json\/wp\/v2\/types\/page"}],"author":[{"embeddable":true,"href":"https:\/\/universotecnico.com\/cursos-ead\/wp-json\/wp\/v2\/users\/1"}],"replies":[{"embeddable":true,"href":"https:\/\/universotecnico.com\/cursos-ead\/wp-json\/wp\/v2\/comments?post=15876"}],"version-history":[{"count":18,"href":"https:\/\/universotecnico.com\/cursos-ead\/wp-json\/wp\/v2\/pages\/15876\/revisions"}],"predecessor-version":[{"id":15909,"href":"https:\/\/universotecnico.com\/cursos-ead\/wp-json\/wp\/v2\/pages\/15876\/revisions\/15909"}],"wp:attachment":[{"href":"https:\/\/universotecnico.com\/cursos-ead\/wp-json\/wp\/v2\/media?parent=15876"}],"curies":[{"name":"wp","href":"https:\/\/api.w.org\/{rel}","templated":true}]}}