{"id":9371,"date":"2024-09-13T19:20:35","date_gmt":"2024-09-13T22:20:35","guid":{"rendered":"https:\/\/universotecnico.com\/cursos-ead\/?page_id=9371"},"modified":"2025-10-02T12:05:18","modified_gmt":"2025-10-02T15:05:18","slug":"cursos-online-ead","status":"publish","type":"page","link":"https:\/\/universotecnico.com\/cursos-ead\/cursos-online-ead\/","title":{"rendered":"Cursos Online EAD"},"content":{"rendered":"<div class=\"wp-block-image\">\n<figure class=\"aligncenter size-large\"><img loading=\"lazy\" decoding=\"async\" width=\"1024\" height=\"682\" src=\"https:\/\/universotecnico.com\/cursos-ead\/wp-content\/uploads\/2025\/07\/005-Campeao-Mundial-CPU-iPhone-A17-Santos-Eagle-Team-1024x682.jpg\" alt=\"\" class=\"wp-image-11207\" srcset=\"https:\/\/universotecnico.com\/cursos-ead\/wp-content\/uploads\/2025\/07\/005-Campeao-Mundial-CPU-iPhone-A17-Santos-Eagle-Team-1024x682.jpg 1024w, https:\/\/universotecnico.com\/cursos-ead\/wp-content\/uploads\/2025\/07\/005-Campeao-Mundial-CPU-iPhone-A17-Santos-Eagle-Team-300x200.jpg 300w, https:\/\/universotecnico.com\/cursos-ead\/wp-content\/uploads\/2025\/07\/005-Campeao-Mundial-CPU-iPhone-A17-Santos-Eagle-Team-768x512.jpg 768w, https:\/\/universotecnico.com\/cursos-ead\/wp-content\/uploads\/2025\/07\/005-Campeao-Mundial-CPU-iPhone-A17-Santos-Eagle-Team-1536x1024.jpg 1536w, https:\/\/universotecnico.com\/cursos-ead\/wp-content\/uploads\/2025\/07\/005-Campeao-Mundial-CPU-iPhone-A17-Santos-Eagle-Team-2048x1365.jpg 2048w, https:\/\/universotecnico.com\/cursos-ead\/wp-content\/uploads\/2025\/07\/005-Campeao-Mundial-CPU-iPhone-A17-Santos-Eagle-Team-100x67.jpg 100w, https:\/\/universotecnico.com\/cursos-ead\/wp-content\/uploads\/2025\/07\/005-Campeao-Mundial-CPU-iPhone-A17-Santos-Eagle-Team-416x277.jpg 416w\" sizes=\"auto, (max-width: 1024px) 100vw, 1024px\" \/><\/figure>\n<\/div>\n\n\n<p class=\"has-large-font-size\"><br>Cursos para todos os n\u00edveis, desde o iniciante ao avan\u00e7ado.<\/p>\n\n\n\n<p><\/p>\n\n\n\n<div style=\"height:36px\" aria-hidden=\"true\" class=\"wp-block-spacer\"><\/div>\n\n\n\n<p class=\"has-text-align-center has-black-background-color has-text-color has-background has-link-color has-large-font-size wp-elements-6f16bd90fc442c9a0ba343fd09b83ae6\" style=\"border-style:none;border-width:0px;border-radius:10px;color:#f7fc00;margin-top:0;margin-right:0;margin-bottom:0;margin-left:0\"><strong>Iniciantes ao avan\u00e7ado N\u00edvel 1-2<\/strong>-3<\/p>\n\n\n\n<div style=\"height:20px\" aria-hidden=\"true\" class=\"wp-block-spacer\"><\/div>\n\n\n\n<ul class=\"wp-block-list\">\n<li><strong>Iniciantes <\/strong>N1 conte\u00fado para que est\u00e1 iniciando na \u00e1rea de reparos em placa e tamb\u00e9m conte\u00fado avan\u00e7ado, conte\u00fado sobre leitura e interpreta\u00e7\u00e3o esquema el\u00e9trico, medi\u00e7\u00f5es e an\u00e1lise importante para voc\u00ea, n\u00e3o \u00e9 pouca coisa, tem muito conte\u00fado para voc\u00ea aprender, mais de 300 aulas.<\/li>\n\n\n\n<li>Intermedio N2 separa\u00e7\u00e3o de placas com preheater f\u00e1cil, leitura e interpreta\u00e7\u00e3o de esquema el\u00e9trico, an\u00e1lises passo a passo, defeitos comuns, radio frequ\u00eancia, ativa\u00e7\u00e3o RF placas separadas, t\u00e9cnicas de reparos, programadoras, Face ID 2.0, entre outros.<\/li>\n\n\n\n<li>Avan\u00e7ado N3 para quem j\u00e1 tem conhecimento da \u00e1rea e quer se aprimorar ainda mais, t\u00e9cnicas de reparos, separa\u00e7\u00e3o e uni\u00e3o placas com Pre-Heater ou somente com esta\u00e7\u00e3o de calor, como trabalha PMU, BUCKS, LDO, RF, entre outros circuitos, an\u00e1lise com oscilosc\u00f3pio e analisador l\u00f3gico, Face ID 4.0<br><\/li>\n<\/ul>\n\n\n\n<div style=\"height:20px\" aria-hidden=\"true\" class=\"wp-block-spacer\"><\/div>\n\n\n\n<div class=\"wp-block-columns is-layout-flex wp-container-core-columns-is-layout-28f84493 wp-block-columns-is-layout-flex\">\n<div class=\"wp-block-column is-layout-flow wp-block-column-is-layout-flow\">\n<p class=\"has-text-align-center has-black-background-color has-text-color has-background has-link-color has-normal-font-size wp-elements-f8879d4565fb5dea3ee85022b096347a\" style=\"border-style:none;border-width:0px;border-radius:10px;color:#f7fc00;font-style:normal;font-weight:900\">Curso EAD N1<\/p>\n\n\n\n<ul class=\"wp-block-list\">\n<li>Video aulas para assistir quando quiser<\/li>\n<\/ul>\n\n\n<div data-block-name=\"woocommerce\/handpicked-products\" data-columns=\"1\" data-content-visibility=\"{&quot;image&quot;:false,&quot;title&quot;:false,&quot;price&quot;:true,&quot;rating&quot;:false,&quot;button&quot;:true}\" data-products=\"[16]\" class=\"wc-block-grid wp-block-handpicked-products wp-block-woocommerce-handpicked-products wc-block-handpicked-products has-1-columns has-multiple-rows\"><ul class=\"wc-block-grid__products\"><li class=\"wc-block-grid__product\">\n\t\t\t\t<a href=\"https:\/\/universotecnico.com\/cursos-ead\/produto\/curso-ead-microsoldagem-n1-eagle-team\/\" class=\"wc-block-grid__product-link\">\n\t\t\t\t\t\n\t\t\t\t\t\n\t\t\t\t\t\n\t\t\t\t<\/a>\n\t\t\t\t<div class=\"wc-block-grid__product-price price\"><span class=\"woocommerce-Price-amount amount\"><span class=\"woocommerce-Price-currencySymbol\">&#082;&#036;<\/span>999,00<\/span><\/div>\n\t\t\t\t\n\t\t\t\t<div class=\"wp-block-button wc-block-grid__product-add-to-cart\"><a href=\"\/cursos-ead\/wp-json\/wp\/v2\/pages\/9371?add-to-cart=16\" aria-label=\"Adicione ao carrinho: &ldquo;Nivel 1 Curso EAD Consertos de placa iPhone - Eagle Team&rdquo;\" data-quantity=\"1\" data-product_id=\"16\" data-product_sku=\"\" data-price=\"999\" rel=\"nofollow\" class=\"wp-block-button__link  add_to_cart_button ajax_add_to_cart\">Comprar<\/a><\/div>\n\t\t\t<\/li><\/ul><\/div><\/div>\n\n\n\n<div class=\"wp-block-column is-layout-flow wp-block-column-is-layout-flow\">\n<p class=\"has-text-align-center has-black-background-color has-text-color has-background has-link-color has-normal-font-size wp-elements-7afc78607c78fdcf4b82d25a6b94f0aa\" style=\"border-style:none;border-width:0px;border-radius:10px;color:#f7fc00;font-style:normal;font-weight:1000\">Curso EAD N2<\/p>\n\n\n\n<ul class=\"wp-block-list\">\n<li>Video aulas para assistir quando quiser<\/li>\n<\/ul>\n\n\n<div data-block-name=\"woocommerce\/handpicked-products\" data-columns=\"1\" data-content-visibility=\"{&quot;image&quot;:false,&quot;title&quot;:false,&quot;price&quot;:true,&quot;rating&quot;:false,&quot;button&quot;:true}\" data-products=\"[3708]\" class=\"wc-block-grid wp-block-handpicked-products wp-block-woocommerce-handpicked-products wc-block-handpicked-products has-1-columns has-multiple-rows\"><ul class=\"wc-block-grid__products\"><li class=\"wc-block-grid__product\">\n\t\t\t\t<a href=\"https:\/\/universotecnico.com\/cursos-ead\/produto\/curso-ead-microsoldagem-nivel-2\/\" class=\"wc-block-grid__product-link\">\n\t\t\t\t\t\n\t\t\t\t\t\n\t\t\t\t\t\n\t\t\t\t<\/a>\n\t\t\t\t<div class=\"wc-block-grid__product-price price\"><span class=\"woocommerce-Price-amount amount\"><span class=\"woocommerce-Price-currencySymbol\">&#082;&#036;<\/span>999,00<\/span><\/div>\n\t\t\t\t\n\t\t\t\t<div class=\"wp-block-button wc-block-grid__product-add-to-cart\"><a href=\"\/cursos-ead\/wp-json\/wp\/v2\/pages\/9371?add-to-cart=3708\" aria-label=\"Adicione ao carrinho: &ldquo;Nivel 2 Curso EAD Consertos de placa iPhone + Face ID 2.0 + CPU A10 Eagle Team&rdquo;\" data-quantity=\"1\" data-product_id=\"3708\" data-product_sku=\"\" data-price=\"999\" rel=\"nofollow\" class=\"wp-block-button__link  add_to_cart_button ajax_add_to_cart\">Comprar<\/a><\/div>\n\t\t\t<\/li><\/ul><\/div><\/div>\n\n\n\n<div class=\"wp-block-column is-layout-flow wp-block-column-is-layout-flow\">\n<p class=\"has-text-align-center has-black-background-color has-text-color has-background has-link-color has-normal-font-size wp-elements-546e720003d55f1d5487a06e1072df05\" style=\"border-radius:10px;color:#f7fc00;font-style:normal;font-weight:800\">Curso EAD N3<\/p>\n\n\n\n<ul class=\"wp-block-list\">\n<li>Video aulas para assistir quando quiser<\/li>\n<\/ul>\n\n\n<div data-block-name=\"woocommerce\/handpicked-products\" data-columns=\"1\" data-content-visibility=\"{&quot;image&quot;:false,&quot;title&quot;:false,&quot;price&quot;:true,&quot;rating&quot;:false,&quot;button&quot;:true}\" data-products=\"[6359]\" class=\"wc-block-grid wp-block-handpicked-products wp-block-woocommerce-handpicked-products wc-block-handpicked-products has-1-columns has-multiple-rows\"><ul class=\"wc-block-grid__products\"><li class=\"wc-block-grid__product\">\n\t\t\t\t<a href=\"https:\/\/universotecnico.com\/cursos-ead\/produto\/nivel-3-curso-ead-consertos-de-placa-iphone-eagle-team\/\" class=\"wc-block-grid__product-link\">\n\t\t\t\t\t\n\t\t\t\t\t\n\t\t\t\t\t\n\t\t\t\t<\/a>\n\t\t\t\t<div class=\"wc-block-grid__product-price price\"><span class=\"woocommerce-Price-amount amount\"><span class=\"woocommerce-Price-currencySymbol\">&#082;&#036;<\/span>1.299,00<\/span><\/div>\n\t\t\t\t\n\t\t\t\t<div class=\"wp-block-button wc-block-grid__product-add-to-cart\"><a href=\"\/cursos-ead\/wp-json\/wp\/v2\/pages\/9371?add-to-cart=6359\" aria-label=\"Adicione ao carrinho: &ldquo;N\u00edvel 3 Curso EAD Consertos de placa iPhone - Eagle Team&rdquo;\" data-quantity=\"1\" data-product_id=\"6359\" data-product_sku=\"\" data-price=\"1299\" rel=\"nofollow\" class=\"wp-block-button__link  add_to_cart_button ajax_add_to_cart\">Comprar<\/a><\/div>\n\t\t\t<\/li><\/ul><\/div><\/div>\n<\/div>\n\n\n\n<p class=\"has-text-align-center has-vivid-green-cyan-color has-text-color has-link-color has-huge-font-size wp-elements-f38bb0f0e849a872a6669e84392c6894\"><strong>EM AT\u00c9 6X SEM JUROS!!!<\/strong><\/p>\n\n\n\n<p><strong>Ap\u00f3s efetuar sua compra ter\u00e1 acesso imediato as aulas EAD, a Anna entrar\u00e1 em contato com voc\u00ea via WhatsApp, para lhe orientar como voc\u00ea poder\u00e1 acessar aos cinco dias ao vivo da modalidade que escolheu.<\/strong> <\/p>\n\n\n\n<p><\/p>\n","protected":false},"excerpt":{"rendered":"<p>Cursos para todos os n\u00edveis, desde o iniciante ao avan\u00e7ado. Iniciantes ao avan\u00e7ado N\u00edvel 1-2-3 Curso EAD N1 Curso EAD N2 Curso EAD N3 EM AT\u00c9 6X SEM JUROS!!! Ap\u00f3s efetuar sua compra ter\u00e1 acesso imediato as aulas EAD, a Anna entrar\u00e1 em contato com voc\u00ea via WhatsApp, para lhe orientar como voc\u00ea poder\u00e1 acessar [&hellip;]<\/p>\n","protected":false},"author":1,"featured_media":0,"parent":0,"menu_order":0,"comment_status":"closed","ping_status":"closed","template":"","meta":{"footnotes":""},"class_list":["post-9371","page","type-page","status-publish","hentry"],"jetpack_sharing_enabled":true,"_links":{"self":[{"href":"https:\/\/universotecnico.com\/cursos-ead\/wp-json\/wp\/v2\/pages\/9371","targetHints":{"allow":["GET"]}}],"collection":[{"href":"https:\/\/universotecnico.com\/cursos-ead\/wp-json\/wp\/v2\/pages"}],"about":[{"href":"https:\/\/universotecnico.com\/cursos-ead\/wp-json\/wp\/v2\/types\/page"}],"author":[{"embeddable":true,"href":"https:\/\/universotecnico.com\/cursos-ead\/wp-json\/wp\/v2\/users\/1"}],"replies":[{"embeddable":true,"href":"https:\/\/universotecnico.com\/cursos-ead\/wp-json\/wp\/v2\/comments?post=9371"}],"version-history":[{"count":41,"href":"https:\/\/universotecnico.com\/cursos-ead\/wp-json\/wp\/v2\/pages\/9371\/revisions"}],"predecessor-version":[{"id":11407,"href":"https:\/\/universotecnico.com\/cursos-ead\/wp-json\/wp\/v2\/pages\/9371\/revisions\/11407"}],"wp:attachment":[{"href":"https:\/\/universotecnico.com\/cursos-ead\/wp-json\/wp\/v2\/media?parent=9371"}],"curies":[{"name":"wp","href":"https:\/\/api.w.org\/{rel}","templated":true}]}}